{"id":177,"date":"2025-05-21T15:31:30","date_gmt":"2025-05-21T13:31:30","guid":{"rendered":"https:\/\/massageochhudvard.se\/?page_id=177"},"modified":"2025-05-21T17:45:01","modified_gmt":"2025-05-21T15:45:01","slug":"produkter","status":"publish","type":"page","link":"https:\/\/massageochhudvard.se\/?page_id=177","title":{"rendered":"Me Anima"},"content":{"rendered":"\n<p>I mina behandlingar anv\u00e4nder jag mig av kroppsoljor, ansiktsoljor, nagelolja, m.fl. fr\u00e5n Me Anima.<\/p>\n\n\n\n<p>Dessa ekologiska produkter \u00e4r tillverkade i Sverige. Katties som \u00e4r grundare av Me Anima har skapat sina produkter med omsorg , respekt f\u00f6r naturen och sin k\u00e4rlek f\u00f6r aromaterapi.<\/p>\n\n\n\n<p>Vi kallar inneh\u00e5llet i dessa produkter &#8221;Gyllene droppar f\u00f6r vardagslyx&#8221;.<\/p>\n\n\n\n<figure class=\"wp-block-gallery has-nested-images columns-5 is-cropped wp-block-gallery-1 is-layout-flex wp-block-gallery-is-layout-flex\">\n<figure class=\"wp-block-image size-medium\"><img loading=\"lazy\" decoding=\"async\" width=\"225\" height=\"300\" data-id=\"254\" src=\"https:\/\/massageochhudvard.se\/wp-content\/uploads\/2025\/05\/IMG_6567-225x300.jpg\" alt=\"\" class=\"wp-image-254\" srcset=\"https:\/\/massageochhudvard.se\/wp-content\/uploads\/2025\/05\/IMG_6567-225x300.jpg 225w, https:\/\/massageochhudvard.se\/wp-content\/uploads\/2025\/05\/IMG_6567-768x1024.jpg 768w, https:\/\/massageochhudvard.se\/wp-content\/uploads\/2025\/05\/IMG_6567-1152x1536.jpg 1152w, https:\/\/massageochhudvard.se\/wp-content\/uploads\/2025\/05\/IMG_6567.jpg 1512w\" sizes=\"auto, (max-width: 225px) 100vw, 225px\" \/><\/figure>\n\n\n\n<figure class=\"wp-block-image size-medium\"><img loading=\"lazy\" decoding=\"async\" width=\"300\" height=\"200\" data-id=\"258\" src=\"https:\/\/massageochhudvard.se\/wp-content\/uploads\/2025\/05\/IMG_1467-300x200.jpg\" alt=\"\" class=\"wp-image-258\" srcset=\"https:\/\/massageochhudvard.se\/wp-content\/uploads\/2025\/05\/IMG_1467-300x200.jpg 300w, https:\/\/massageochhudvard.se\/wp-content\/uploads\/2025\/05\/IMG_1467-1024x683.jpg 1024w, https:\/\/massageochhudvard.se\/wp-content\/uploads\/2025\/05\/IMG_1467-768x512.jpg 768w, https:\/\/massageochhudvard.se\/wp-content\/uploads\/2025\/05\/IMG_1467-1536x1024.jpg 1536w, https:\/\/massageochhudvard.se\/wp-content\/uploads\/2025\/05\/IMG_1467-2048x1365.jpg 2048w\" sizes=\"auto, (max-width: 300px) 100vw, 300px\" \/><\/figure>\n\n\n\n<figure class=\"wp-block-image size-medium\"><img loading=\"lazy\" decoding=\"async\" width=\"300\" height=\"200\" data-id=\"256\" src=\"https:\/\/massageochhudvard.se\/wp-content\/uploads\/2025\/05\/IMG_1465-300x200.jpg\" alt=\"\" class=\"wp-image-256\" srcset=\"https:\/\/massageochhudvard.se\/wp-content\/uploads\/2025\/05\/IMG_1465-300x200.jpg 300w, https:\/\/massageochhudvard.se\/wp-content\/uploads\/2025\/05\/IMG_1465-1024x683.jpg 1024w, https:\/\/massageochhudvard.se\/wp-content\/uploads\/2025\/05\/IMG_1465-768x512.jpg 768w, https:\/\/massageochhudvard.se\/wp-content\/uploads\/2025\/05\/IMG_1465-1536x1024.jpg 1536w, https:\/\/massageochhudvard.se\/wp-content\/uploads\/2025\/05\/IMG_1465-2048x1365.jpg 2048w\" sizes=\"auto, (max-width: 300px) 100vw, 300px\" \/><\/figure>\n\n\n\n<figure class=\"wp-block-image size-medium\"><img loading=\"lazy\" decoding=\"async\" width=\"300\" height=\"200\" data-id=\"259\" src=\"https:\/\/massageochhudvard.se\/wp-content\/uploads\/2025\/05\/IMG_1374-300x200.jpg\" alt=\"\" class=\"wp-image-259\" srcset=\"https:\/\/massageochhudvard.se\/wp-content\/uploads\/2025\/05\/IMG_1374-300x200.jpg 300w, https:\/\/massageochhudvard.se\/wp-content\/uploads\/2025\/05\/IMG_1374-1024x683.jpg 1024w, https:\/\/massageochhudvard.se\/wp-content\/uploads\/2025\/05\/IMG_1374-768x512.jpg 768w, https:\/\/massageochhudvard.se\/wp-content\/uploads\/2025\/05\/IMG_1374-1536x1024.jpg 1536w, https:\/\/massageochhudvard.se\/wp-content\/uploads\/2025\/05\/IMG_1374-2048x1365.jpg 2048w\" sizes=\"auto, (max-width: 300px) 100vw, 300px\" \/><\/figure>\n\n\n\n<figure class=\"wp-block-image size-medium\"><img loading=\"lazy\" decoding=\"async\" width=\"225\" height=\"300\" data-id=\"262\" src=\"https:\/\/massageochhudvard.se\/wp-content\/uploads\/2025\/05\/IMG_3917-225x300.jpg\" alt=\"\" class=\"wp-image-262\" srcset=\"https:\/\/massageochhudvard.se\/wp-content\/uploads\/2025\/05\/IMG_3917-225x300.jpg 225w, https:\/\/massageochhudvard.se\/wp-content\/uploads\/2025\/05\/IMG_3917-768x1024.jpg 768w, https:\/\/massageochhudvard.se\/wp-content\/uploads\/2025\/05\/IMG_3917-1152x1536.jpg 1152w, https:\/\/massageochhudvard.se\/wp-content\/uploads\/2025\/05\/IMG_3917-1536x2048.jpg 1536w, https:\/\/massageochhudvard.se\/wp-content\/uploads\/2025\/05\/IMG_3917-scaled.jpg 1920w\" sizes=\"auto, (max-width: 225px) 100vw, 225px\" \/><\/figure>\n\n\n\n<figure class=\"wp-block-image size-medium\"><img loading=\"lazy\" decoding=\"async\" width=\"300\" height=\"200\" data-id=\"255\" src=\"https:\/\/massageochhudvard.se\/wp-content\/uploads\/2025\/05\/IMG_1455-300x200.jpg\" alt=\"\" class=\"wp-image-255\" srcset=\"https:\/\/massageochhudvard.se\/wp-content\/uploads\/2025\/05\/IMG_1455-300x200.jpg 300w, https:\/\/massageochhudvard.se\/wp-content\/uploads\/2025\/05\/IMG_1455-1024x683.jpg 1024w, https:\/\/massageochhudvard.se\/wp-content\/uploads\/2025\/05\/IMG_1455-768x512.jpg 768w, https:\/\/massageochhudvard.se\/wp-content\/uploads\/2025\/05\/IMG_1455-1536x1024.jpg 1536w, https:\/\/massageochhudvard.se\/wp-content\/uploads\/2025\/05\/IMG_1455-2048x1365.jpg 2048w\" sizes=\"auto, (max-width: 300px) 100vw, 300px\" \/><\/figure>\n\n\n\n<figure class=\"wp-block-image size-medium\"><img loading=\"lazy\" decoding=\"async\" width=\"225\" height=\"300\" data-id=\"260\" src=\"https:\/\/massageochhudvard.se\/wp-content\/uploads\/2025\/05\/IMG_3928-225x300.jpg\" alt=\"\" class=\"wp-image-260\" srcset=\"https:\/\/massageochhudvard.se\/wp-content\/uploads\/2025\/05\/IMG_3928-225x300.jpg 225w, https:\/\/massageochhudvard.se\/wp-content\/uploads\/2025\/05\/IMG_3928-768x1024.jpg 768w, https:\/\/massageochhudvard.se\/wp-content\/uploads\/2025\/05\/IMG_3928-1152x1536.jpg 1152w, https:\/\/massageochhudvard.se\/wp-content\/uploads\/2025\/05\/IMG_3928-rotated.jpg 1512w\" sizes=\"auto, (max-width: 225px) 100vw, 225px\" \/><\/figure>\n\n\n\n<figure class=\"wp-block-image size-medium\"><img loading=\"lazy\" decoding=\"async\" width=\"300\" height=\"200\" data-id=\"261\" src=\"https:\/\/massageochhudvard.se\/wp-content\/uploads\/2025\/05\/IMG_1375-300x200.jpg\" alt=\"\" class=\"wp-image-261\" srcset=\"https:\/\/massageochhudvard.se\/wp-content\/uploads\/2025\/05\/IMG_1375-300x200.jpg 300w, https:\/\/massageochhudvard.se\/wp-content\/uploads\/2025\/05\/IMG_1375-1024x683.jpg 1024w, https:\/\/massageochhudvard.se\/wp-content\/uploads\/2025\/05\/IMG_1375-768x512.jpg 768w, https:\/\/massageochhudvard.se\/wp-content\/uploads\/2025\/05\/IMG_1375-1536x1024.jpg 1536w, https:\/\/massageochhudvard.se\/wp-content\/uploads\/2025\/05\/IMG_1375-2048x1365.jpg 2048w\" sizes=\"auto, (max-width: 300px) 100vw, 300px\" \/><\/figure>\n\n\n\n<figure class=\"wp-block-image size-medium\"><img loading=\"lazy\" decoding=\"async\" width=\"300\" height=\"200\" data-id=\"257\" src=\"https:\/\/massageochhudvard.se\/wp-content\/uploads\/2025\/05\/IMG_1510-300x200.jpg\" alt=\"\" class=\"wp-image-257\" srcset=\"https:\/\/massageochhudvard.se\/wp-content\/uploads\/2025\/05\/IMG_1510-300x200.jpg 300w, https:\/\/massageochhudvard.se\/wp-content\/uploads\/2025\/05\/IMG_1510-1024x683.jpg 1024w, https:\/\/massageochhudvard.se\/wp-content\/uploads\/2025\/05\/IMG_1510-768x512.jpg 768w, https:\/\/massageochhudvard.se\/wp-content\/uploads\/2025\/05\/IMG_1510-1536x1024.jpg 1536w, https:\/\/massageochhudvard.se\/wp-content\/uploads\/2025\/05\/IMG_1510-2048x1365.jpg 2048w\" sizes=\"auto, (max-width: 300px) 100vw, 300px\" \/><\/figure>\n\n\n\n<figure class=\"wp-block-image size-medium\"><img loading=\"lazy\" decoding=\"async\" width=\"241\" height=\"300\" data-id=\"253\" src=\"https:\/\/massageochhudvard.se\/wp-content\/uploads\/2025\/05\/CA4DE626-48DD-4D0E-997B-4E5C7CF4C0C9-241x300.jpg\" alt=\"\" class=\"wp-image-253\" srcset=\"https:\/\/massageochhudvard.se\/wp-content\/uploads\/2025\/05\/CA4DE626-48DD-4D0E-997B-4E5C7CF4C0C9-241x300.jpg 241w, https:\/\/massageochhudvard.se\/wp-content\/uploads\/2025\/05\/CA4DE626-48DD-4D0E-997B-4E5C7CF4C0C9-822x1024.jpg 822w, https:\/\/massageochhudvard.se\/wp-content\/uploads\/2025\/05\/CA4DE626-48DD-4D0E-997B-4E5C7CF4C0C9-768x957.jpg 768w, https:\/\/massageochhudvard.se\/wp-content\/uploads\/2025\/05\/CA4DE626-48DD-4D0E-997B-4E5C7CF4C0C9-1233x1536.jpg 1233w, https:\/\/massageochhudvard.se\/wp-content\/uploads\/2025\/05\/CA4DE626-48DD-4D0E-997B-4E5C7CF4C0C9.jpg 1440w\" sizes=\"auto, (max-width: 241px) 100vw, 241px\" \/><\/figure>\n<\/figure>\n","protected":false},"excerpt":{"rendered":"<p>I mina behandlingar anv\u00e4nder jag mig av kroppsoljor, ansiktsoljor, nagelolja, m.fl. fr\u00e5n Me Anima. Dessa ekologiska produkter \u00e4r tillverkade i [&hellip;]<\/p>\n","protected":false},"author":1,"featured_media":252,"parent":0,"menu_order":0,"comment_status":"closed","ping_status":"closed","template":"","meta":{"om_disable_all_campaigns":false,"_monsterinsights_skip_tracking":false,"_monsterinsights_sitenote_active":false,"_monsterinsights_sitenote_note":"","_monsterinsights_sitenote_category":0,"_uf_show_specific_survey":0,"_uf_disable_surveys":false,"site-sidebar-layout":"default","site-content-layout":"","ast-site-content-layout":"normal-width-container","site-content-style":"default","site-sidebar-style":"default","ast-global-header-display":"","ast-banner-title-visibility":"","ast-main-header-display":"","ast-hfb-above-header-display":"","ast-hfb-below-header-display":"","ast-hfb-mobile-header-display":"","site-post-title":"","ast-breadcrumbs-content":"","ast-featured-img":"","footer-sml-layout":"","ast-disable-related-posts":"","theme-transparent-header-meta":"","adv-header-id-meta":"","stick-header-meta":"","header-above-stick-meta":"","header-main-stick-meta":"","header-below-stick-meta":"","astra-migrate-meta-layouts":"default","ast-page-background-enabled":"default","ast-page-background-meta":{"desktop":{"background-color":"var(--ast-global-color-5)","background-image":"","background-repeat":"repeat","background-position":"center center","background-size":"auto","background-attachment":"scroll","background-type":"","background-media":"","overlay-type":"","overlay-color":"","overlay-opacity":"","overlay-gradient":""},"tablet":{"background-color":"","background-image":"","background-repeat":"repeat","background-position":"center center","background-size":"auto","background-attachment":"scroll","background-type":"","background-media":"","overlay-type":"","overlay-color":"","overlay-opacity":"","overlay-gradient":""},"mobile":{"background-color":"","background-image":"","background-repeat":"repeat","background-position":"center center","background-size":"auto","background-attachment":"scroll","background-type":"","background-media":"","overlay-type":"","overlay-color":"","overlay-opacity":"","overlay-gradient":""}},"ast-content-background-meta":{"desktop":{"background-color":"var(--ast-global-color-4)","background-image":"","background-repeat":"repeat","background-position":"center center","background-size":"auto","background-attachment":"scroll","background-type":"","background-media":"","overlay-type":"","overlay-color":"","overlay-opacity":"","overlay-gradient":""},"tablet":{"background-color":"var(--ast-global-color-4)","background-image":"","background-repeat":"repeat","background-position":"center center","background-size":"auto","background-attachment":"scroll","background-type":"","background-media":"","overlay-type":"","overlay-color":"","overlay-opacity":"","overlay-gradient":""},"mobile":{"background-color":"var(--ast-global-color-4)","background-image":"","background-repeat":"repeat","background-position":"center center","background-size":"auto","background-attachment":"scroll","background-type":"","background-media":"","overlay-type":"","overlay-color":"","overlay-opacity":"","overlay-gradient":""}},"footnotes":""},"class_list":["post-177","page","type-page","status-publish","has-post-thumbnail","hentry"],"aioseo_notices":[],"_links":{"self":[{"href":"https:\/\/massageochhudvard.se\/index.php?rest_route=\/wp\/v2\/pages\/177","targetHints":{"allow":["GET"]}}],"collection":[{"href":"https:\/\/massageochhudvard.se\/index.php?rest_route=\/wp\/v2\/pages"}],"about":[{"href":"https:\/\/massageochhudvard.se\/index.php?rest_route=\/wp\/v2\/types\/page"}],"author":[{"embeddable":true,"href":"https:\/\/massageochhudvard.se\/index.php?rest_route=\/wp\/v2\/users\/1"}],"replies":[{"embeddable":true,"href":"https:\/\/massageochhudvard.se\/index.php?rest_route=%2Fwp%2Fv2%2Fcomments&post=177"}],"version-history":[{"count":5,"href":"https:\/\/massageochhudvard.se\/index.php?rest_route=\/wp\/v2\/pages\/177\/revisions"}],"predecessor-version":[{"id":279,"href":"https:\/\/massageochhudvard.se\/index.php?rest_route=\/wp\/v2\/pages\/177\/revisions\/279"}],"wp:featuredmedia":[{"embeddable":true,"href":"https:\/\/massageochhudvard.se\/index.php?rest_route=\/wp\/v2\/media\/252"}],"wp:attachment":[{"href":"https:\/\/massageochhudvard.se\/index.php?rest_route=%2Fwp%2Fv2%2Fmedia&parent=177"}],"curies":[{"name":"wp","href":"https:\/\/api.w.org\/{rel}","templated":true}]}}